{"id":3803,"date":"2019-03-16T09:11:16","date_gmt":"2019-03-16T09:11:16","guid":{"rendered":"https:\/\/www.pvshipyard.com.vn\/co-so-vat-chat\/"},"modified":"2019-05-15T01:01:55","modified_gmt":"2019-05-15T01:01:55","slug":"co-so-vat-chat","status":"publish","type":"page","link":"https:\/\/www.pvshipyard.com.vn\/vi\/co-so-vat-chat\/","title":{"rendered":"C\u01a1 S\u1edf V\u1eadt Ch\u1ea5t"},"content":{"rendered":"\n<table class=\"wp-block-table has-fixed-layout is-style-stripes\"><tbody><tr><td><strong>H\u1ea1ng m\u1ee5c<\/strong><\/td><td>M\u00f4 t\u1ea3<\/td><\/tr><tr><td>T\u1ed5ng di\u1ec7n t\u00edch<\/td><td>400.000 m2<\/td><\/tr><tr><td>X\u01b0\u1edfng thi c\u00f4ng k\u1ebft c\u1ea5u<\/td><td>7.838 m2<\/td><\/tr><tr><td>X\u01b0\u1edfng thi c\u00f4ng \u1ed1ng<\/td><td>2.000 m2<\/td><\/tr><tr><td>X\u01b0\u1edfng \u0111i\u1ec7n t\u1ef1 \u0111\u1ed9ng<\/td><td>1.000 m2<\/td><\/tr><tr><td>Nh\u00e0 s\u01a1n t\u1ed5ng \u0111o\u1ea1n<\/td><td>4.240 m2<\/td><\/tr><tr><td>T\u1ed5ng di\u1ec7n t\u00edch khu v\u1ef1c ch\u1ebf t\u1ea1o v\u00e0 l\u1eafp \u0111\u1eb7t thi\u1ebft b\u1ecb<\/td><td>30.000 m2<\/td><\/tr><tr><td>Khu v\u1ef1c nh\u00e0 kho c\u00f3 m\u00e1i che<\/td><td>4.800 m2<\/td><\/tr><tr><td>Khu v\u1ef1c nh\u00e0 kho ngo\u00e0i tr\u1eddi<\/td><td>152.400 m2<\/td><\/tr><tr><td>Di\u1ec7n t\u00edch t\u00f2a nh\u00e0 v\u0103n ph\u00f2ng<\/td><td>7.000 m2<\/td><\/tr><tr><td>Chi\u1ec1u d\u00e0i c\u1ea7u c\u1ea3ng<\/td><td>336 m<\/td><\/tr><tr><td>Chi\u1ec1u r\u1ed9ng c\u1ea7u c\u1ea3ng<\/td><td>30 m<\/td><\/tr><tr><td>\u0110\u1ed9 s\u00e2u n\u01b0\u1edbc<\/td><td>11 -14 m<\/td><\/tr><tr><td>T\u1ea3i tr\u1ecdng thi\u1ebft k\u1ebf \u0111\u01b0\u1eddng tr\u01b0\u1ee3t<\/td><td>20.000 DWT<\/td><\/tr><tr><td>03 \u0111\u01b0\u1eddng tr\u01b0\u1ee3t<\/td><td>169 m\/m\u1ed7i \u0111\u01b0\u1eddng; <br>cap.150t\/m<\/td><\/tr><\/tbody><\/table>\n\n\n\n<h1 class=\"wp-block-heading\">\n<div id=\"rev_slider_13_1_wrapper\" class=\"rev_slider_wrapper fullwidthbanner-container\" data-source=\"gallery\" style=\"margin:0px auto;background:transparent;padding:0px;margin-top:0px;margin-bottom:0px;\">\n<!-- START REVOLUTION SLIDER 5.4.6.3.1 auto mode -->\n\t<div id=\"rev_slider_13_1\" class=\"rev_slider fullwidthabanner\" style=\"display:none;\" data-version=\"5.4.6.3.1\">\n<ul>\t<!-- SLIDE  -->\n\t<li data-index=\"rs-142\" data-transition=\"fade\" data-slotamount=\"default\" data-hideafterloop=\"0\" data-hideslideonmobile=\"off\"  data-easein=\"default\" data-easeout=\"default\" data-masterspeed=\"300\"  data-thumb=\"https:\/\/i0.wp.com\/www.pvshipyard.com.vn\/wp-content\/uploads\/2019\/04\/1-1.jpg?fit=2560%2C1440&ssl=1\"  data-rotate=\"0\"  data-saveperformance=\"off\"  data-title=\"Slide\" data-param1=\"\" data-param2=\"\" data-param3=\"\" data-param4=\"\" data-param5=\"\" data-param6=\"\" data-param7=\"\" data-param8=\"\" data-param9=\"\" data-param10=\"\" data-description=\"\">\n\t\t<!-- MAIN IMAGE -->\n\t\t<img loading=\"lazy\" decoding=\"async\" src=\"https:\/\/i0.wp.com\/www.pvshipyard.com.vn\/wp-content\/uploads\/2019\/04\/1-1.jpg?fit=2560%2C1440&ssl=1\"  alt=\"\" title=\"1\"  width=\"2560\" height=\"1440\" data-bgposition=\"center center\" data-bgfit=\"cover\" data-bgrepeat=\"no-repeat\" data-bgparallax=\"off\" class=\"rev-slidebg\" data-no-retina>\n\t\t<!-- LAYERS -->\n\t<\/li>\n\t<!-- SLIDE  -->\n\t<li data-index=\"rs-143\" data-transition=\"fade\" data-slotamount=\"7\" data-hideafterloop=\"0\" data-hideslideonmobile=\"off\"  data-easein=\"default\" data-easeout=\"default\" data-masterspeed=\"300\"  data-thumb=\"https:\/\/i2.wp.com\/www.pvshipyard.com.vn\/wp-content\/uploads\/2019\/04\/2.jpg?fit=5472%2C3362&ssl=1\"  data-rotate=\"0\"  data-saveperformance=\"off\"  data-title=\"Slide\" data-param1=\"\" data-param2=\"\" data-param3=\"\" data-param4=\"\" data-param5=\"\" data-param6=\"\" data-param7=\"\" data-param8=\"\" data-param9=\"\" data-param10=\"\" data-description=\"\">\n\t\t<!-- MAIN IMAGE -->\n\t\t<img loading=\"lazy\" decoding=\"async\" src=\"https:\/\/i2.wp.com\/www.pvshipyard.com.vn\/wp-content\/uploads\/2019\/04\/2.jpg?fit=5472%2C3362&ssl=1\"  alt=\"\" title=\"DCIM100MEDIADJI_0053.JPG\"  width=\"5472\" height=\"3362\" data-bgposition=\"center center\" data-bgfit=\"cover\" data-bgrepeat=\"no-repeat\" data-bgparallax=\"off\" class=\"rev-slidebg\" data-no-retina>\n\t\t<!-- LAYERS -->\n\t<\/li>\n\t<!-- SLIDE  -->\n\t<li data-index=\"rs-144\" data-transition=\"fade\" data-slotamount=\"7\" data-hideafterloop=\"0\" data-hideslideonmobile=\"off\"  data-easein=\"default\" data-easeout=\"default\" data-masterspeed=\"300\"  data-thumb=\"https:\/\/i0.wp.com\/www.pvshipyard.com.vn\/wp-content\/uploads\/2019\/04\/4-1.jpg?fit=3000%2C1749&ssl=1\"  data-rotate=\"0\"  data-saveperformance=\"off\"  data-title=\"Slide\" data-param1=\"\" data-param2=\"\" data-param3=\"\" data-param4=\"\" data-param5=\"\" data-param6=\"\" data-param7=\"\" data-param8=\"\" data-param9=\"\" data-param10=\"\" data-description=\"\">\n\t\t<!-- MAIN IMAGE -->\n\t\t<img loading=\"lazy\" decoding=\"async\" src=\"https:\/\/i0.wp.com\/www.pvshipyard.com.vn\/wp-content\/uploads\/2019\/04\/4-1.jpg?fit=3000%2C1749&ssl=1\"  alt=\"\" title=\"4\"  width=\"3000\" height=\"1749\" data-bgposition=\"center center\" data-bgfit=\"cover\" data-bgrepeat=\"no-repeat\" data-bgparallax=\"off\" class=\"rev-slidebg\" data-no-retina>\n\t\t<!-- LAYERS -->\n\t<\/li>\n\t<!-- SLIDE  -->\n\t<li data-index=\"rs-145\" data-transition=\"fade\" data-slotamount=\"7\" data-hideafterloop=\"0\" data-hideslideonmobile=\"off\"  data-easein=\"default\" data-easeout=\"default\" data-masterspeed=\"300\"  data-thumb=\"https:\/\/i2.wp.com\/www.pvshipyard.com.vn\/wp-content\/uploads\/2019\/04\/5.jpg?fit=2560%2C1440&ssl=1\"  data-rotate=\"0\"  data-saveperformance=\"off\"  data-title=\"Slide\" data-param1=\"\" data-param2=\"\" data-param3=\"\" data-param4=\"\" data-param5=\"\" data-param6=\"\" data-param7=\"\" data-param8=\"\" data-param9=\"\" data-param10=\"\" data-description=\"\">\n\t\t<!-- MAIN IMAGE -->\n\t\t<img loading=\"lazy\" decoding=\"async\" src=\"https:\/\/i2.wp.com\/www.pvshipyard.com.vn\/wp-content\/uploads\/2019\/04\/5.jpg?fit=2560%2C1440&ssl=1\"  alt=\"\" title=\"5\"  width=\"2560\" height=\"1440\" data-bgposition=\"center center\" data-bgfit=\"cover\" data-bgrepeat=\"no-repeat\" data-bgparallax=\"off\" class=\"rev-slidebg\" data-no-retina>\n\t\t<!-- LAYERS -->\n\t<\/li>\n\t<!-- SLIDE  -->\n\t<li data-index=\"rs-146\" data-transition=\"fade\" data-slotamount=\"7\" data-hideafterloop=\"0\" data-hideslideonmobile=\"off\"  data-easein=\"default\" data-easeout=\"default\" data-masterspeed=\"300\"  data-thumb=\"https:\/\/i1.wp.com\/www.pvshipyard.com.vn\/wp-content\/uploads\/2019\/04\/6.jpg?fit=2560%2C1440&ssl=1\"  data-rotate=\"0\"  data-saveperformance=\"off\"  data-title=\"Slide\" data-param1=\"\" data-param2=\"\" data-param3=\"\" data-param4=\"\" data-param5=\"\" data-param6=\"\" data-param7=\"\" data-param8=\"\" data-param9=\"\" data-param10=\"\" data-description=\"\">\n\t\t<!-- MAIN IMAGE -->\n\t\t<img loading=\"lazy\" decoding=\"async\" src=\"https:\/\/i1.wp.com\/www.pvshipyard.com.vn\/wp-content\/uploads\/2019\/04\/6.jpg?fit=2560%2C1440&ssl=1\"  alt=\"\" title=\"6\"  width=\"2560\" height=\"1440\" data-bgposition=\"center center\" data-bgfit=\"cover\" data-bgrepeat=\"no-repeat\" data-bgparallax=\"off\" class=\"rev-slidebg\" data-no-retina>\n\t\t<!-- LAYERS -->\n\t<\/li>\n<\/ul>\n<script>var htmlDiv = document.getElementById(\"rs-plugin-settings-inline-css\"); var htmlDivCss=\"\";\r\n\t\t\t\t\t\tif(htmlDiv) {\r\n\t\t\t\t\t\t\thtmlDiv.innerHTML = htmlDiv.innerHTML + htmlDivCss;\r\n\t\t\t\t\t\t}else{\r\n\t\t\t\t\t\t\tvar htmlDiv = document.createElement(\"div\");\r\n\t\t\t\t\t\t\thtmlDiv.innerHTML = \"<style>\" + htmlDivCss + \"<\/style>\";\r\n\t\t\t\t\t\t\tdocument.getElementsByTagName(\"head\")[0].appendChild(htmlDiv.childNodes[0]);\r\n\t\t\t\t\t\t}\r\n\t\t\t\t\t<\/script>\n<div class=\"tp-bannertimer tp-bottom\" style=\"visibility: hidden !important;\"><\/div>\t<\/div>\n<script>var htmlDiv = document.getElementById(\"rs-plugin-settings-inline-css\"); var htmlDivCss=\"\";\r\n\t\t\t\tif(htmlDiv) {\r\n\t\t\t\t\thtmlDiv.innerHTML = htmlDiv.innerHTML + htmlDivCss;\r\n\t\t\t\t}else{\r\n\t\t\t\t\tvar htmlDiv = document.createElement(\"div\");\r\n\t\t\t\t\thtmlDiv.innerHTML = \"<style>\" + htmlDivCss + \"<\/style>\";\r\n\t\t\t\t\tdocument.getElementsByTagName(\"head\")[0].appendChild(htmlDiv.childNodes[0]);\r\n\t\t\t\t}\r\n\t\t\t<\/script>\n\t\t<script type=\"text\/javascript\">\r\nsetREVStartSize({c: jQuery('#rev_slider_13_1'), responsiveLevels: [1240,1024,778,480], gridwidth: [1170,1024,778,478], gridheight: [600,768,960,300], sliderLayout: 'auto'});\r\n\t\t\t\r\nvar revapi13,\r\n\ttpj=jQuery;\r\n\t\t\t\r\ntpj(document).ready(function() {\n\tif(tpj(\"#rev_slider_13_1\").revolution == undefined){\n\t\trevslider_showDoubleJqueryError(\"#rev_slider_13_1\");\n\t}else{\n\t\trevapi13 = tpj(\"#rev_slider_13_1\").show().revolution({\n\t\t\tsliderType:\"standard\",\n\t\t\tjsFileLocation:\"\/\/www.pvshipyard.com.vn\/wp-content\/plugins\/revslider\/public\/assets\/js\/\",\n\t\t\tsliderLayout:\"auto\",\n\t\t\tdottedOverlay:\"none\",\n\t\t\tdelay:3000,\n\t\t\tnavigation: {\n\t\t\t\tkeyboardNavigation:\"off\",\n\t\t\t\tkeyboard_direction: \"horizontal\",\n\t\t\t\tmouseScrollNavigation:\"off\",\n \t\t\t\t\t\t\tmouseScrollReverse:\"default\",\n\t\t\t\tonHoverStop:\"off\",\n\t\t\t\ttouch:{\n\t\t\t\t\ttouchenabled:\"on\",\n\t\t\t\t\ttouchOnDesktop:\"off\",\n\t\t\t\t\tswipe_threshold: 75,\n\t\t\t\t\tswipe_min_touches: 1,\n\t\t\t\t\tswipe_direction: \"horizontal\",\n\t\t\t\t\tdrag_block_vertical: false\n\t\t\t\t}\n\t\t\t\t,\n\t\t\t\tarrows: {\n\t\t\t\t\tstyle:\"factoryplus-arrow\",\n\t\t\t\t\tenable:true,\n\t\t\t\t\thide_onmobile:false,\n\t\t\t\t\thide_onleave:false,\n\t\t\t\t\ttmp:'<div class=\"right-arrow\">\t<i class=\"fa fa-chevron-right\" aria-hidden=\"true\"><\/i><\/div><div class=\"left-arrow\">\t<i class=\"fa fa-chevron-left\" aria-hidden=\"true\"><\/i><\/div>',\n\t\t\t\t\tleft: {\n\t\t\t\t\t\th_align:\"left\",\n\t\t\t\t\t\tv_align:\"center\",\n\t\t\t\t\t\th_offset:40,\n\t\t\t\t\t\tv_offset:0\n\t\t\t\t\t},\n\t\t\t\t\tright: {\n\t\t\t\t\t\th_align:\"right\",\n\t\t\t\t\t\tv_align:\"center\",\n\t\t\t\t\t\th_offset:40,\n\t\t\t\t\t\tv_offset:0\n\t\t\t\t\t}\n\t\t\t\t}\n\t\t\t},\n\t\t\tresponsiveLevels:[1240,1024,778,480],\n\t\t\tvisibilityLevels:[1240,1024,778,480],\n\t\t\tgridwidth:[1170,1024,778,478],\n\t\t\tgridheight:[600,768,960,300],\n\t\t\tlazyType:\"none\",\n\t\t\tparallax: {\n\t\t\t\ttype:\"mouse\",\n\t\t\t\torigo:\"enterpoint\",\n\t\t\t\tspeed:400,\n\t\t\t\tspeedbg:0,\n\t\t\t\tspeedls:0,\n\t\t\t\tlevels:[5,10,15,20,25,30,35,40,45,46,47,48,49,50,51,55],\n\t\t\t\tdisable_onmobile:\"on\"\n\t\t\t},\n\t\t\tshadow:0,\n\t\t\tspinner:\"spinner0\",\n\t\t\tstopLoop:\"off\",\n\t\t\tstopAfterLoops:-1,\n\t\t\tstopAtSlide:-1,\n\t\t\tshuffle:\"off\",\n\t\t\tautoHeight:\"off\",\n\t\t\tdisableProgressBar:\"on\",\n\t\t\thideThumbsOnMobile:\"off\",\n\t\t\thideSliderAtLimit:0,\n\t\t\thideCaptionAtLimit:0,\n\t\t\thideAllCaptionAtLilmit:0,\n\t\t\tdebugMode:false,\n\t\t\tfallbacks: {\n\t\t\t\tsimplifyAll:\"off\",\n\t\t\t\tnextSlideOnWindowFocus:\"off\",\n\t\t\t\tdisableFocusListener:false,\n\t\t\t}\n\t\t});\n\t}\n\t\n});\t\/*ready*\/\n<\/script>\r\n\t\t<script>\r\n\t\t\t\t\tvar htmlDivCss = unescape(\".factoryplus-arrow%20%7B%0A%09background-color%3A%20transparent%3B%0A%20%20%20%20border%3A%202px%20solid%20%23fff%3B%0A%20%20%20%20min-width%3A%2055px%3B%0A%20%20%20%20min-height%3A%2055px%3B%0A%20%20%20%20transition%3A%200.5s%3B%0A%7D%0A%0A.factoryplus-arrow%3Ahover%20%7B%0A%20%20%20%20border-color%3A%20%23ffc811%3B%0A%20%20%20%20background-color%3A%20transparent%3B%0A%7D%0A%0A.factoryplus-arrow%3Abefore%20%7B%0A%09display%3A%20none%3B%0A%7D%0A%0A.factoryplus-arrow%3Ahover%20.fa%20%7B%0A%09color%3A%20%23ffc811%3B%0A%7D%0A%0A.factoryplus-arrow%20.fa%20%7B%0A%09color%3A%20%23fff%3B%0A%20%20%20%20font-size%3A%2018px%3B%0A%20%20%20%20position%3A%20absolute%3B%0A%20%20%20%20top%3A%2050%25%3B%0A%20%20%20%20left%3A%2050%25%3B%0A%20%20%20%20transform%3A%20translate%28-50%25%2C-50%25%29%3B%0A%20%20%20%20transition%3A%200.5s%3B%0A%7D%0A%0A.factoryplus-arrow.tp-leftarrow%20.right-arrow%7B%0A%09display%3A%20none%3B%0A%7D%0A%0A.factoryplus-arrow.tp-rightarrow%20.left-arrow%7B%0A%09display%3A%20none%3B%0A%7D%0A\");\r\n\t\t\t\t\tvar htmlDiv = document.getElementById('rs-plugin-settings-inline-css');\r\n\t\t\t\t\tif(htmlDiv) {\r\n\t\t\t\t\t\thtmlDiv.innerHTML = htmlDiv.innerHTML + htmlDivCss;\r\n\t\t\t\t\t}\r\n\t\t\t\t\telse{\r\n\t\t\t\t\t\tvar htmlDiv = document.createElement('div');\r\n\t\t\t\t\t\thtmlDiv.innerHTML = '<style>' + htmlDivCss + '<\/style>';\r\n\t\t\t\t\t\tdocument.getElementsByTagName('head')[0].appendChild(htmlDiv.childNodes[0]);\r\n\t\t\t\t\t}\r\n\t\t\t\t  <\/script>\r\n\t\t\t\t<\/div><!-- END REVOLUTION SLIDER --><\/h1>\n\n\n\n<p><\/p>\n","protected":false},"excerpt":{"rendered":"<p>H\u1ea1ng m\u1ee5c M\u00f4 t\u1ea3 T\u1ed5ng di\u1ec7n t\u00edch 400.000 m2 X\u01b0\u1edfng thi c\u00f4ng k\u1ebft c\u1ea5u 7.838 m2 X\u01b0\u1edfng thi c\u00f4ng \u1ed1ng 2.000 m2 X\u01b0\u1edfng \u0111i\u1ec7n t\u1ef1 \u0111\u1ed9ng 1.000 m2 Nh\u00e0 s\u01a1n&hellip;<\/p>\n","protected":false},"author":1,"featured_media":2970,"parent":0,"menu_order":0,"comment_status":"closed","ping_status":"closed","template":"","meta":{"spay_email":"","footnotes":""},"class_list":["post-3803","page","type-page","status-publish","has-post-thumbnail","hentry",""],"_links":{"self":[{"href":"https:\/\/www.pvshipyard.com.vn\/vi\/wp-json\/wp\/v2\/pages\/3803\/"}],"collection":[{"href":"https:\/\/www.pvshipyard.com.vn\/vi\/wp-json\/wp\/v2\/pages\/"}],"about":[{"href":"https:\/\/www.pvshipyard.com.vn\/vi\/wp-json\/wp\/v2\/types\/page\/"}],"author":[{"embeddable":true,"href":"https:\/\/www.pvshipyard.com.vn\/vi\/wp-json\/wp\/v2\/users\/1\/"}],"replies":[{"embeddable":true,"href":"https:\/\/www.pvshipyard.com.vn\/vi\/wp-json\/wp\/v2\/comments\/?post=3803"}],"version-history":[{"count":3,"href":"https:\/\/www.pvshipyard.com.vn\/vi\/wp-json\/wp\/v2\/pages\/3803\/revisions\/"}],"predecessor-version":[{"id":5400,"href":"https:\/\/www.pvshipyard.com.vn\/vi\/wp-json\/wp\/v2\/pages\/3803\/revisions\/5400\/"}],"wp:featuredmedia":[{"embeddable":true,"href":"https:\/\/www.pvshipyard.com.vn\/vi\/wp-json\/wp\/v2\/media\/2970\/"}],"wp:attachment":[{"href":"https:\/\/www.pvshipyard.com.vn\/vi\/wp-json\/wp\/v2\/media\/?parent=3803"}],"curies":[{"name":"wp","href":"https:\/\/api.w.org\/{rel}","templated":true}]}}