{"id":3760,"date":"2017-04-21T08:21:55","date_gmt":"2017-04-21T01:21:55","guid":{"rendered":"https:\/\/www.pvshipyard.com.vn\/about-us\/"},"modified":"2019-05-22T01:45:57","modified_gmt":"2019-05-22T01:45:57","slug":"about-us","status":"publish","type":"page","link":"https:\/\/www.pvshipyard.com.vn\/vi\/about-us\/","title":{"rendered":"Gi\u1edbi thi\u1ec7u"},"content":{"rendered":"<p>[vc_row css=&#8221;.vc_custom_1490586960070{padding-top: 80px !important;padding-bottom: 70px !important;}&#8221;][vc_column width=&#8221;1\/2&#8243;][vc_single_image image=&#8221;3328&#8243; img_size=&#8221;570&#215;345&#8243;][\/vc_column][vc_column width=&#8221;1\/2&#8243;][\/vc_column][vc_column_text css=&#8221;.vc_custom_1557881479959{padding-bottom: 30px !important;}&#8221;]<\/p>\n<h2>PETROVIETNAM MARINE SHIPYARD<\/h2>\n<p>\u0110\u01b0\u1ee3c th\u00e0nh l\u1eadp n\u0103m 2007 b\u1edfi T\u1ed5ng C\u00f4ng ty C\u1ed5 Ph\u1ea7n D\u1ecbch V\u1ee5 K\u1ef9 Thu\u1eadt D\u1ea7u Kh\u00ed (PTSC), Ng\u00e2n h\u00e0ng \u0110\u1ea7u t\u01b0 v\u00e0 Ph\u00e1t tri\u1ec3n Vi\u1ec7t Nam (BIDV), T\u1ed5ng c\u00f4ng ty L\u1eafp m\u00e1y Vi\u1ec7t Nam (Lilama), T\u1ed5ng C\u00f4ng ty C\u00f4ng nghi\u1ec7p T\u00e0u th\u1ee7y (SBIC), Li\u00ean doanh Vi\u1ec7t \u2013 Nga Vietsovpetro, PV Shipyard l\u00e0 nh\u00e0 cung c\u1ea5p c\u00e1c d\u1ecbch v\u1ee5 k\u1ef9 thu\u1eadt, c\u00f4ng nghi\u1ec7p cho ng\u00e0nh d\u1ea7u kh\u00ed v\u00e0 n\u0103ng l\u01b0\u1ee3ng t\u00e1i t\u1ea1o t\u1ea1i Vi\u1ec7t Nam v\u00e0 khu v\u1ef1c \u0110\u00f4ng Nam \u00c1.<\/p>\n<p>L\u0129nh v\u1ef1c ho\u1ea1t \u0111\u1ed9ng ch\u00ednh c\u1ee7a PV Shipyard: (EPC) thi\u1ebft k\u1ebf, mua s\u1eafm, ch\u1ebf t\u1ea1o, h\u1ea1 th\u1ee7y, v\u1eadn chuy\u1ec3n, l\u1eafp \u0111\u1eb7t jack-up, liftboat, module, topside, FPSO v\u00e0 k\u1ebft c\u1ea5u th\u00e9p c\u0169ng nh\u01b0 c\u00e1c d\u1ecbch v\u1ee5 n\u00e2ng c\u1ea5p, s\u1eeda ch\u1eefa v\u00e0 b\u1ea3o tr\u00ec c\u00f4ng tr\u00ecnh bi\u1ec3n c\u00e1c thi\u1ebft b\u1ecb n\u1ed5i (t\u00e0u, t\u00e0u k\u00e9o), c\u00e1c m\u00f4-\u0111un th\u01b0\u1ee3ng t\u1ea7ng c\u1ee7a kho n\u1ed5i (FSO, FPSO).<\/p>\n<p>\u0110\u1ed3ng th\u1eddi, PV Shipyard c\u0169ng tham gia cung c\u1ea5p d\u1ecbch v\u1ee5 cho c\u00e1c d\u1ef1 \u00e1n tr\u00ean b\u1edd nh\u01b0 ch\u1ebf t\u1ea1o th\u00e9p, l\u1eafp d\u1ef1ng v\u00e0 v\u1eadn h\u00e0nh cho c\u00e1c nh\u00e0 m\u00e1y \u0111i\u1ec7n, nh\u00e0 m\u00e1y h\u00f3a d\u1ea7u, nh\u00e0 m\u00e1y ph\u00e2n b\u00f3n, nh\u00e0 ga v\u00e0 \u0111\u1eb7c bi\u1ec7t l\u00e0 E-House tr\u00ean b\u1edd, thi\u1ebft k\u1ebf m\u00f4 \u0111un quy tr\u00ecnh, d\u1ef1 to\u00e1n &amp; x\u00e2y d\u1ef1ng.<\/p>\n<p>Qua h\u01a1n 11 n\u0103m ho\u1ea1t \u0111\u1ed9ng v\u00e0 ph\u00e1t tri\u1ec3n, PV Shipyard \u0111\u00e3 ho\u00e0n th\u00e0nh \u0111\u1ea7u t\u01b0 giai \u0111o\u1ea1n 1 &#8211; C\u0103n c\u1ee9 ch\u1ebf t\u1ea1o Gi\u00e0n khoan D\u1ea7u kh\u00ed tr\u00ean di\u1ec7n t\u00edch kho\u1ea3ng 400.000 m2, t\u1ea1i khu v\u1ef1c Sao Mai B\u1ebfn \u0110\u00ecnh \u2013 TP.V\u0169ng T\u00e0u. V\u1edbi quy m\u00f4 t\u01b0\u01a1ng \u0111\u1ed1i \u0111\u1ed3ng b\u1ed9 v\u00e0 hi\u1ec7n \u0111\u1ea1i g\u1ed3m: c\u1ea7u c\u1ea3ng d\u00e0i 156m, chi\u1ec1u s\u00e2u khu n\u01b0\u1edbc tr\u01b0\u1edbc b\u1ebfn -12m, c\u00f3 kh\u1ea3 n\u0103ng ti\u1ebfp nh\u1eadn t\u00e0u tr\u00ean 15.000 DWT, h\u1ec7 th\u1ed1ng \u0111\u01b0\u1eddng tr\u01b0\u1ee3t c\u00f3 chi\u1ec1u d\u00e0i 169m, h\u1ec7 th\u1ed1ng kho, b\u00e3i, nh\u00e0 x\u01b0\u1edfng; \u0111\u1ea7u t\u01b0 trang b\u1ecb 01 c\u1ea9u 1.250 t\u1ea5n, 02 xe n\u00e2ng t\u1ed5ng \u0111o\u1ea1n, c\u1ea9u 110T, c\u00e1c lo\u1ea1i c\u1ea9u, c\u1ed5ng tr\u1ee5c v\u00e0 xe n\u00e2ng kh\u00e1c, c\u00e1c trang thi\u1ebft b\u1ecb chuy\u00ean d\u1ee5ng: m\u00e1y c\u1eaft CNC, m\u00e1y ph\u00e1t \u0111i\u1ec7n, m\u00e1y n\u00e9n kh\u00ed, m\u00e1y h\u00e0n, h\u1ec7 th\u1ed1ng b\u1eafn c\u00e1t phun s\u01a1n\u2026 \u0111\u1ec3 ph\u1ee5c v\u1ee5 vi\u1ec7c \u0111\u00f3ng m\u1edbi, s\u1eeda ch\u1eefa, ho\u00e1n c\u1ea3i c\u00e1c lo\u1ea1i gi\u00e0n khoan d\u1ea7u kh\u00ed, c\u00e1c lo\u1ea1i ph\u01b0\u01a1ng ti\u1ec7n n\u1ed5i, c\u00e1c c\u00f4ng tr\u00ecnh d\u1ea7u kh\u00ed v\u00e0 c\u00f4ng tr\u00ecnh c\u00f4ng nghi\u1ec7p tr\u00ean b\u1edd v\u00e0 ngo\u00e0i kh\u01a1i, v\u1edbi c\u00f4ng su\u1ea5t c\u00f3 th\u1ec3 \u0111\u00f3ng m\u1edbi v\u00e0 s\u1eeda ch\u1eefa \u0111\u1ed3ng th\u1eddi 02 \u0111\u1ebfn 03 gi\u00e0n khoan c\u00f9ng m\u1ed9t l\u00fac t\u01b0\u01a1ng \u0111\u01b0\u01a1ng kho\u1ea3ng 40.000-50.000 t\u1ea5n k\u1ebft c\u1ea5u \/n\u0103m.<\/p>\n<p>Trong nh\u1eefng n\u0103m qua, PV Shipyard \u0111\u00e3 th\u1ef1c hi\u1ec7n th\u00e0nh c\u00f4ng c\u00e1c d\u1ef1 \u00e1n EPC nh\u01b0: gi\u00e0n khoan t\u1ef1 \u0111\u1ed9ng Tam \u0110\u1ea3o 03, gi\u00e0n khoan t\u1ef1 \u0111\u1ed9ng Tam \u0110\u1ea3o 05, d\u1ef1 \u00e1n t\u00e0u k\u00e9o Nghi S\u01a1n; s\u00e0 lan th\u1ee7y s\u1ea3n; D\u1ef1 \u00e1n \u00e1o kho\u00e1c Daman; gi\u00e0n khoan s\u1eeda ch\u1eefa &amp; n\u00e2ng c\u1ea5p nh\u01b0 jack-up West Telesto, liftboat H1012, jack-up Parameswara, jack-up Java Star 2, jack-up Trident 16, jack-up PVD III, Mumanskya, Cuu Long, jack-up Naga III &amp; VI, Hakuryu-5 semi.<\/p>\n<p>PV Shipyard c\u0169ng \u0111\u00e3 th\u1ef1c hi\u1ec7n m\u1ed9t s\u1ed1 d\u1ef1 \u00e1n tr\u00ean b\u1edd nh\u01b0: l\u1eafp \u0111\u1eb7t h\u1ec7 th\u1ed1ng c\u1ea5p tho\u00e1t n\u01b0\u1edbc m\u00e1t cho nh\u00e0 m\u00e1y nhi\u1ec7t \u0111i\u1ec7n Long Ph\u00fa, h\u1ec7 th\u1ed1ng b\u0103ng t\u1ea3i than cho nh\u00e0 m\u00e1y nhi\u1ec7t \u0111i\u1ec7n Th\u00e1i B\u00ecnh.<\/p>\n<p>V\u1edbi \u0111\u1ed9i ng\u0169 k\u1ef9 thu\u1eadt vi\u00ean chuy\u00ean nghi\u1ec7p c\u1ee7a ch\u00fang t\u00f4i, PV Shipyard c\u00f3 th\u1ec3 \u0111\u1ea3m nh\u1eadn c\u00f4ng vi\u1ec7c k\u1ef9 thu\u1eadt chi ti\u1ebft cho c\u00e1c d\u1ef1 \u00e1n d\u1ea7u kh\u00ed ngo\u00e0i kh\u01a1i trong n\u01b0\u1edbc v\u00e0 qu\u1ed1c t\u1ebf v\u1edbi 100% c\u00f4ng vi\u1ec7c li\u00ean quan \u0111\u1ebfn x\u00e2y d\u1ef1ng v\u00e0 s\u1eeda ch\u1eefa t\u1ea5t c\u1ea3 c\u00e1c lo\u1ea1i gi\u00e0n khoan, t\u00e0u n\u1ed5i, d\u1ef1 \u00e1n d\u1ea7u kh\u00ed v\u00e0 ngo\u00e0i kh\u01a1i v\u00e0 c\u00e1c d\u1ef1 \u00e1n c\u00f4ng nghi\u1ec7p tr\u00ean b\u1edd.[\/vc_column_text][vc_row][\/vc_row][vc_column][\/vc_column][vc_separator color=&#8221;custom&#8221; accent_color=&#8221;#f4f4f4&#8243;][vc_row full_width=&#8221;stretch_row_content&#8221; css=&#8221;.vc_custom_1490600356624{margin-bottom: 65px !important;}&#8221;][vc_column width=&#8221;1\/4&#8243; css=&#8221;.vc_custom_1490600040377{padding-right: 0px !important;padding-left: 0px !important;}&#8221;]<div class=\" fh-icon-box-3 dark-version icon-center\" style=\"background-image: url()\"><div class=\"overlay\" style=\"background-color:#0072b0\"><\/div> <span class=\"fh-icon\"><i class=\"factory-check\"><\/i><\/span> <h4>Th\u1ed1ng k\u00ea HSE<\/h4><div class=\"desc\"><p>18,000,000++<br \/>\n<a href=\"https:\/\/www.pvshipyard.com.vn\/vi\/project\/\"><strong>xem th\u00eam<\/strong><\/a><\/p>\n<\/div><\/div>[\/vc_column][vc_column width=&#8221;1\/4&#8243; css=&#8221;.vc_custom_1490600047760{padding-right: 0px !important;padding-left: 0px !important;}&#8221;]<div class=\" fh-icon-box-3 dark-version icon-center\" style=\"background-image: url()\"><div class=\"overlay\" style=\"background-color:#0072b0\"><\/div> <span class=\"fh-icon\"><i class=\"factory-check\"><\/i><\/span> <h4>D\u1ef1 \u00e1n ho\u00e0n th\u00e0nh<\/h4><div class=\"desc\"><p>40++<br \/>\n<a href=\"https:\/\/www.pvshipyard.com.vn\/vi\/project\/\"><strong>xem th\u00eam<\/strong><\/a><\/p>\n<\/div><\/div>[\/vc_column][vc_column width=&#8221;1\/4&#8243; css=&#8221;.vc_custom_1490600053287{padding-right: 0px !important;padding-left: 0px !important;}&#8221;]<div class=\" fh-icon-box-3 dark-version icon-center\" style=\"background-image: url()\"><div class=\"overlay\" style=\"background-color:#0072b0\"><\/div> <span class=\"fh-icon\"><i class=\"factory-check\"><\/i><\/span> <h4>Nh\u00e2n l\u1ef1c<\/h4><div class=\"desc\"><p>3,000++<br \/>\n<a href=\"https:\/\/www.pvshipyard.com.vn\/vi\/project\/\"><strong>xem th\u00eam<\/strong><\/a><\/p>\n<\/div><\/div>[\/vc_column][vc_column width=&#8221;1\/4&#8243; css=&#8221;.vc_custom_1490600058680{padding-right: 0px !important;padding-left: 0px !important;}&#8221;]<div class=\" fh-icon-box-3 dark-version icon-center\" style=\"background-image: url()\"><div class=\"overlay\" style=\"background-color:#0072b0\"><\/div> <span class=\"fh-icon\"><i class=\"factory-check\"><\/i><\/span> <h4>L\u1ecbch s\u1eed h\u00ecnh th\u00e0nh<\/h4><div class=\"desc\"><p>12++<br \/>\n<a href=\"https:\/\/www.pvshipyard.com.vn\/vi\/about-us\/\"><strong>xem th\u00eam<\/strong><\/a><\/p>\n<\/div><\/div>[\/vc_column][\/vc_row][vc_row css=&#8221;.vc_custom_1490597375444{padding-bottom: 20px !important;}&#8221;][\/vc_row]<\/p>\n","protected":false},"excerpt":{"rendered":"<p>[vc_row css=&#8221;.vc_custom_1490586960070{padding-top: 80px !important;padding-bottom: 70px !important;}&#8221;][vc_column width=&#8221;1\/2&#8243;][vc_single_image image=&#8221;3328&#8243; img_size=&#8221;570&#215;345&#8243;][\/vc_column][vc_column width=&#8221;1\/2&#8243;][\/vc_column][vc_column_text css=&#8221;.vc_custom_1557881479959{padding-bottom: 30px !important;}&#8221;] PETROVIETNAM MARINE SHIPYARD \u0110\u01b0\u1ee3c th\u00e0nh l\u1eadp n\u0103m 2007 b\u1edfi T\u1ed5ng C\u00f4ng ty C\u1ed5 Ph\u1ea7n D\u1ecbch V\u1ee5 K\u1ef9&hellip;<\/p>\n","protected":false},"author":1,"featured_media":2970,"parent":0,"menu_order":0,"comment_status":"closed","ping_status":"closed","template":"template-fullwidth.php","meta":{"spay_email":"","footnotes":""},"class_list":["post-3760","page","type-page","status-publish","has-post-thumbnail","hentry",""],"_links":{"self":[{"href":"https:\/\/www.pvshipyard.com.vn\/vi\/wp-json\/wp\/v2\/pages\/3760\/"}],"collection":[{"href":"https:\/\/www.pvshipyard.com.vn\/vi\/wp-json\/wp\/v2\/pages\/"}],"about":[{"href":"https:\/\/www.pvshipyard.com.vn\/vi\/wp-json\/wp\/v2\/types\/page\/"}],"author":[{"embeddable":true,"href":"https:\/\/www.pvshipyard.com.vn\/vi\/wp-json\/wp\/v2\/users\/1\/"}],"replies":[{"embeddable":true,"href":"https:\/\/www.pvshipyard.com.vn\/vi\/wp-json\/wp\/v2\/comments\/?post=3760"}],"version-history":[{"count":9,"href":"https:\/\/www.pvshipyard.com.vn\/vi\/wp-json\/wp\/v2\/pages\/3760\/revisions\/"}],"predecessor-version":[{"id":5410,"href":"https:\/\/www.pvshipyard.com.vn\/vi\/wp-json\/wp\/v2\/pages\/3760\/revisions\/5410\/"}],"wp:featuredmedia":[{"embeddable":true,"href":"https:\/\/www.pvshipyard.com.vn\/vi\/wp-json\/wp\/v2\/media\/2970\/"}],"wp:attachment":[{"href":"https:\/\/www.pvshipyard.com.vn\/vi\/wp-json\/wp\/v2\/media\/?parent=3760"}],"curies":[{"name":"wp","href":"https:\/\/api.w.org\/{rel}","templated":true}]}}